{"id":11,"date":"2026-02-11T23:05:54","date_gmt":"2026-02-11T23:05:54","guid":{"rendered":"https:\/\/avatar.qinsight.com.br\/index.php\/blog\/"},"modified":"2026-02-11T23:05:54","modified_gmt":"2026-02-11T23:05:54","slug":"blog","status":"publish","type":"page","link":"https:\/\/avatar.qinsight.com.br\/index.php\/blog\/","title":{"rendered":"Blog | Link Business School"},"content":{"rendered":"","protected":false},"excerpt":{"rendered":"","protected":false},"author":0,"featured_media":0,"parent":0,"menu_order":0,"comment_status":"closed","ping_status":"closed","template":"elementor_header_footer","meta":{"_inspiro_hide_title":false,"footnotes":""},"class_list":["post-11","page","type-page","status-publish","hentry"],"yoast_head":"<!-- This site is optimized with the Yoast SEO plugin v26.9 - https:\/\/yoast.com\/product\/yoast-seo-wordpress\/ -->\n<title>Blog | Link Business School - Link Business School<\/title>\n<meta name=\"robots\" content=\"index, follow, max-snippet:-1, max-image-preview:large, max-video-preview:-1\" \/>\n<link rel=\"canonical\" href=\"https:\/\/avatar.qinsight.com.br\/index.php\/blog\/\" \/>\n<meta property=\"og:locale\" content=\"en_US\" \/>\n<meta property=\"og:type\" content=\"article\" \/>\n<meta property=\"og:title\" content=\"Blog | Link Business School - Link Business School\" \/>\n<meta property=\"og:url\" content=\"https:\/\/avatar.qinsight.com.br\/index.php\/blog\/\" \/>\n<meta property=\"og:site_name\" content=\"Link Business School\" \/>\n<meta name=\"twitter:card\" content=\"summary_large_image\" \/>\n<script type=\"application\/ld+json\" class=\"yoast-schema-graph\">{\"@context\":\"https:\/\/schema.org\",\"@graph\":[{\"@type\":\"WebPage\",\"@id\":\"https:\/\/avatar.qinsight.com.br\/index.php\/blog\/\",\"url\":\"https:\/\/avatar.qinsight.com.br\/index.php\/blog\/\",\"name\":\"Blog | Link Business School - Link Business School\",\"isPartOf\":{\"@id\":\"https:\/\/avatar.qinsight.com.br\/#website\"},\"datePublished\":\"2026-02-11T23:05:54+00:00\",\"breadcrumb\":{\"@id\":\"https:\/\/avatar.qinsight.com.br\/index.php\/blog\/#breadcrumb\"},\"inLanguage\":\"en-US\",\"potentialAction\":[{\"@type\":\"ReadAction\",\"target\":[\"https:\/\/avatar.qinsight.com.br\/index.php\/blog\/\"]}]},{\"@type\":\"BreadcrumbList\",\"@id\":\"https:\/\/avatar.qinsight.com.br\/index.php\/blog\/#breadcrumb\",\"itemListElement\":[{\"@type\":\"ListItem\",\"position\":1,\"name\":\"Home\",\"item\":\"https:\/\/avatar.qinsight.com.br\/index.php\/home\/\"},{\"@type\":\"ListItem\",\"position\":2,\"name\":\"Blog | Link Business School\"}]},{\"@type\":\"WebSite\",\"@id\":\"https:\/\/avatar.qinsight.com.br\/#website\",\"url\":\"https:\/\/avatar.qinsight.com.br\/\",\"name\":\"Link Business School\",\"description\":\"Transformamos o seu potencial em sucesso profissional atrav\u00e9s de uma educa\u00e7\u00e3o empresarial inovadora e focada em resultados.\",\"potentialAction\":[{\"@type\":\"SearchAction\",\"target\":{\"@type\":\"EntryPoint\",\"urlTemplate\":\"https:\/\/avatar.qinsight.com.br\/?s={search_term_string}\"},\"query-input\":{\"@type\":\"PropertyValueSpecification\",\"valueRequired\":true,\"valueName\":\"search_term_string\"}}],\"inLanguage\":\"en-US\"}]}<\/script>\n<!-- \/ Yoast SEO plugin. -->","yoast_head_json":{"title":"Blog | Link Business School - Link Business School","robots":{"index":"index","follow":"follow","max-snippet":"max-snippet:-1","max-image-preview":"max-image-preview:large","max-video-preview":"max-video-preview:-1"},"canonical":"https:\/\/avatar.qinsight.com.br\/index.php\/blog\/","og_locale":"en_US","og_type":"article","og_title":"Blog | Link Business School - Link Business School","og_url":"https:\/\/avatar.qinsight.com.br\/index.php\/blog\/","og_site_name":"Link Business School","twitter_card":"summary_large_image","schema":{"@context":"https:\/\/schema.org","@graph":[{"@type":"WebPage","@id":"https:\/\/avatar.qinsight.com.br\/index.php\/blog\/","url":"https:\/\/avatar.qinsight.com.br\/index.php\/blog\/","name":"Blog | Link Business School - Link Business School","isPartOf":{"@id":"https:\/\/avatar.qinsight.com.br\/#website"},"datePublished":"2026-02-11T23:05:54+00:00","breadcrumb":{"@id":"https:\/\/avatar.qinsight.com.br\/index.php\/blog\/#breadcrumb"},"inLanguage":"en-US","potentialAction":[{"@type":"ReadAction","target":["https:\/\/avatar.qinsight.com.br\/index.php\/blog\/"]}]},{"@type":"BreadcrumbList","@id":"https:\/\/avatar.qinsight.com.br\/index.php\/blog\/#breadcrumb","itemListElement":[{"@type":"ListItem","position":1,"name":"Home","item":"https:\/\/avatar.qinsight.com.br\/index.php\/home\/"},{"@type":"ListItem","position":2,"name":"Blog | Link Business School"}]},{"@type":"WebSite","@id":"https:\/\/avatar.qinsight.com.br\/#website","url":"https:\/\/avatar.qinsight.com.br\/","name":"Link Business School","description":"Transformamos o seu potencial em sucesso profissional atrav\u00e9s de uma educa\u00e7\u00e3o empresarial inovadora e focada em resultados.","potentialAction":[{"@type":"SearchAction","target":{"@type":"EntryPoint","urlTemplate":"https:\/\/avatar.qinsight.com.br\/?s={search_term_string}"},"query-input":{"@type":"PropertyValueSpecification","valueRequired":true,"valueName":"search_term_string"}}],"inLanguage":"en-US"}]}},"_links":{"self":[{"href":"https:\/\/avatar.qinsight.com.br\/index.php\/wp-json\/wp\/v2\/pages\/11","targetHints":{"allow":["GET"]}}],"collection":[{"href":"https:\/\/avatar.qinsight.com.br\/index.php\/wp-json\/wp\/v2\/pages"}],"about":[{"href":"https:\/\/avatar.qinsight.com.br\/index.php\/wp-json\/wp\/v2\/types\/page"}],"replies":[{"embeddable":true,"href":"https:\/\/avatar.qinsight.com.br\/index.php\/wp-json\/wp\/v2\/comments?post=11"}],"version-history":[{"count":0,"href":"https:\/\/avatar.qinsight.com.br\/index.php\/wp-json\/wp\/v2\/pages\/11\/revisions"}],"wp:attachment":[{"href":"https:\/\/avatar.qinsight.com.br\/index.php\/wp-json\/wp\/v2\/media?parent=11"}],"curies":[{"name":"wp","href":"https:\/\/api.w.org\/{rel}","templated":true}]}}